{"id":112,"date":"2020-03-13T19:48:47","date_gmt":"2020-03-13T18:48:47","guid":{"rendered":"https:\/\/biadene.it\/?page_id=112"},"modified":"2020-03-16T18:01:31","modified_gmt":"2020-03-16T17:01:31","slug":"le-suore","status":"publish","type":"page","link":"https:\/\/www.biadene.it\/?page_id=112","title":{"rendered":"Le Suore"},"content":{"rendered":"\t\t<div data-elementor-type=\"wp-page\" data-elementor-id=\"112\" class=\"elementor elementor-112\">\n\t\t\t\t\t\t<section class=\"elementor-section elementor-top-section elementor-element elementor-element-462c90a6 elementor-section-boxed elementor-section-height-default elementor-section-height-default elementor-invisible\" data-id=\"462c90a6\" data-element_type=\"section\" data-e-type=\"section\" data-settings=\"{&quot;animation&quot;:&quot;fadeInDown&quot;}\">\n\t\t\t\t\t\t<div class=\"elementor-container elementor-column-gap-default\">\n\t\t\t\t\t<div class=\"elementor-column elementor-col-100 elementor-top-column elementor-element elementor-element-19c87933\" data-id=\"19c87933\" data-element_type=\"column\" data-e-type=\"column\">\n\t\t\t<div class=\"elementor-widget-wrap elementor-element-populated\">\n\t\t\t\t\t\t<div class=\"elementor-element elementor-element-bd7f0a4 elementor-widget elementor-widget-heading\" data-id=\"bd7f0a4\" data-element_type=\"widget\" data-e-type=\"widget\" data-widget_type=\"heading.default\">\n\t\t\t\t<div class=\"elementor-widget-container\">\n\t\t\t\t\t<h1 class=\"elementor-heading-title elementor-size-default\">Le Suore<\/h1>\t\t\t\t<\/div>\n\t\t\t\t<\/div>\n\t\t\t\t<div class=\"elementor-element elementor-element-cb84729 elementor-widget elementor-widget-text-editor\" data-id=\"cb84729\" data-element_type=\"widget\" data-e-type=\"widget\" data-settings=\"{&quot;_animation&quot;:&quot;none&quot;}\" data-widget_type=\"text-editor.default\">\n\t\t\t\t<div class=\"elementor-widget-container\">\n\t\t\t\t\t\t\t\t\t<p><\/p>\n<p><img fetchpriority=\"high\" decoding=\"async\" class=\"wp-image-364 size-full alignright\" src=\"https:\/\/biadene.it\/wp-content\/uploads\/2020\/03\/suore.jpg\" alt=\"\" width=\"300\" height=\"224\" \/><span style=\"font-family: inherit; font-style: inherit;\">Alla fine del ventennio del secolo scorso la guerra, con i suoi lutti e ferite, segnava anche la nostra parrocchia. A tutto questo si univa un contesto sociale ed economico contrassegnato da povert\u00e0 e precariet\u00e0, indigenza che spesso vedeva i bambini le persone pi\u00f9 colpite.<\/span><\/p>\n<p><\/p>\n<p>\u00c8 in questa cornice, assai comune nel resto del Paese, che il parroco di allora, il possagnese don Pietro Rever, intuisce l\u2019esigenza di creare un luogo dove ospitare i bambini delle tante famiglie della parrocchia. Ed ecco che in prossimit\u00e0 della parrocchia vengono costruite delle baracche di legno per accudire proprio i bambini. \u00c8 il 1916, e proprio il 30 aprile di quell\u2019anno, sar\u00e0 il beato Mons. Longhin, vescovo di Treviso, a benedirle.<\/p>\n<p><\/p>\n<p>A dirigere e seguire i bambini nell\u2019assistenza ed educazione, vengono chiamate le Suore Mantellate. La probabile presenza di queste suore nel servizio agli ammalati presso il vicino Ospedale di Montebelluna, spinse don Rover, a chiamarle nella nostra parrocchia di Biadene<\/p>\n<p><\/p>\n<p>Dal settembre 1921 nuovo parroco di Biadene divenne don Eliseo Pedron. \u00c8 grazie alla sua sensibilit\u00e0 e determinazione che\u00a0 si arriv\u00f2 alla costruzione di un Asilo Parrocchiale, una \u201cCasa dei Bambini\u201d, come sar\u00e0 chiamata.<\/p>\n<p><\/p>\n<p>La nuova struttura rispondeva a diverse esigenze: spazi pi\u00f9 confortevoli per le attivit\u00e0 per i bambini, ambienti dignitosi per le suore.<\/p>\n<p><\/p>\n<p>Don Eliseo raggiunse il suo scopo grazie alla collaborazione dei parrocchiani, ma in particolare ad alcune persone verso le quali va ancor oggi il nostro riconoscimento.<\/p>\n<p><\/p>\n<p>Il 4 marzo 1923 fu deposta la prima pietra, l\u2019asilo fu successivamente ampliato nel 1928, funzionante a pieno ritmo gi\u00e0 dal 1932.<\/p>\n<p><\/p>\n<p>Durante la guerra l\u2019asilo ospiter\u00e0 il reparto infettivo del vicino ospedale militare tedesco collocato in villa Pisani.<\/p>\n<p><\/p>\n<p>Nei successivi anni l\u2019asilo sar\u00e0 al centro di diverse ristrutturazioni per rendere sempre pi\u00f9 sicuro l\u2019edificio.<\/p>\n<p><\/p>\n<p>La solerte e continua opera delle suore mantellate continua ancor oggi e in questi anni la nostra \u201ccasa dei bambini\u201d continua ospitare i figli delle nostre famiglie.<\/p>\n<p><\/p>\n<p>Una presenza all\u2019interno della comunit\u00e0 fatta nel segno dell\u2019umilt\u00e0 alla luce di Maria. \u201c<em>Con e come Maria<\/em>\u201d, ancorate alla contemplazione di Colei che si \u00e8 posta al servizio Progetto di Dio, una sequela concreta nello stile di Colei che rimase \u201caccanto\u201d al suo Signore.<\/p>\n<p><\/p>\n<p>Tutto ci\u00f2 si \u00e8 sempre tradotto in un forte senso di \u201ccomunione\u201d attorno alla Chiesa. In tal senso la presenza delle Mantellate si \u00e8 sempre distinta nelle diverse comunit\u00e0 con una partecipazione attiva alla vita della parrocchia attorno all\u2019eucaristia e ai diversi momenti della vita sacramentale, come anche un impegno concreto nell\u2019opera di evangelizzazione e catechesi, senza mai trascurare gli ultimi.<\/p>\n<p><\/p>\t\t\t\t\t\t\t\t<\/div>\n\t\t\t\t<\/div>\n\t\t\t\t\t<\/div>\n\t\t<\/div>\n\t\t\t\t\t<\/div>\n\t\t<\/section>\n\t\t\t\t<\/div>\n\t\t","protected":false},"excerpt":{"rendered":"<p>Le Suore Alla fine del ventennio del secolo scorso la guerra, con i suoi lutti e ferite, segnava anche la nostra parrocchia. A tutto questo si univa un contesto sociale ed economico contrassegnato da povert\u00e0 e precariet\u00e0, indigenza che spesso vedeva i bambini le persone pi\u00f9 colpite. \u00c8 in questa cornice, assai comune nel resto &#8230; <a title=\"Le Suore\" class=\"read-more\" href=\"https:\/\/www.biadene.it\/?page_id=112\" aria-label=\"Leggi di pi\u00f9 su Le Suore\">Leggi tutto<\/a><\/p>\n","protected":false},"author":1,"featured_media":0,"parent":0,"menu_order":0,"comment_status":"closed","ping_status":"closed","template":"","meta":{"footnotes":""},"class_list":["post-112","page","type-page","status-publish"],"_links":{"self":[{"href":"https:\/\/www.biadene.it\/index.php?rest_route=\/wp\/v2\/pages\/112","targetHints":{"allow":["GET"]}}],"collection":[{"href":"https:\/\/www.biadene.it\/index.php?rest_route=\/wp\/v2\/pages"}],"about":[{"href":"https:\/\/www.biadene.it\/index.php?rest_route=\/wp\/v2\/types\/page"}],"author":[{"embeddable":true,"href":"https:\/\/www.biadene.it\/index.php?rest_route=\/wp\/v2\/users\/1"}],"replies":[{"embeddable":true,"href":"https:\/\/www.biadene.it\/index.php?rest_route=%2Fwp%2Fv2%2Fcomments&post=112"}],"version-history":[{"count":11,"href":"https:\/\/www.biadene.it\/index.php?rest_route=\/wp\/v2\/pages\/112\/revisions"}],"predecessor-version":[{"id":388,"href":"https:\/\/www.biadene.it\/index.php?rest_route=\/wp\/v2\/pages\/112\/revisions\/388"}],"wp:attachment":[{"href":"https:\/\/www.biadene.it\/index.php?rest_route=%2Fwp%2Fv2%2Fmedia&parent=112"}],"curies":[{"name":"wp","href":"https:\/\/api.w.org\/{rel}","templated":true}]}}