{"id":117,"date":"2020-03-13T19:48:48","date_gmt":"2020-03-13T18:48:48","guid":{"rendered":"https:\/\/biadene.it\/?page_id=117"},"modified":"2020-03-16T23:21:00","modified_gmt":"2020-03-16T22:21:00","slug":"lettori","status":"publish","type":"page","link":"https:\/\/www.biadene.it\/?page_id=117","title":{"rendered":"Lettori"},"content":{"rendered":"\t\t<div data-elementor-type=\"wp-page\" data-elementor-id=\"117\" class=\"elementor elementor-117\">\n\t\t\t\t\t\t<section class=\"elementor-section elementor-top-section elementor-element elementor-element-a6d811e elementor-section-boxed elementor-section-height-default elementor-section-height-default\" data-id=\"a6d811e\" data-element_type=\"section\" data-e-type=\"section\">\n\t\t\t\t\t\t<div class=\"elementor-container elementor-column-gap-default\">\n\t\t\t\t\t<div class=\"elementor-column elementor-col-100 elementor-top-column elementor-element elementor-element-16c50c1\" data-id=\"16c50c1\" data-element_type=\"column\" data-e-type=\"column\">\n\t\t\t<div class=\"elementor-widget-wrap elementor-element-populated\">\n\t\t\t\t\t\t<div class=\"elementor-element elementor-element-6acd61b elementor-widget elementor-widget-heading\" data-id=\"6acd61b\" data-element_type=\"widget\" data-e-type=\"widget\" data-widget_type=\"heading.default\">\n\t\t\t\t<div class=\"elementor-widget-container\">\n\t\t\t\t\t<h1 class=\"elementor-heading-title elementor-size-default\">Lettori<\/h1>\t\t\t\t<\/div>\n\t\t\t\t<\/div>\n\t\t\t\t<div class=\"elementor-element elementor-element-b99d398 elementor-widget elementor-widget-text-editor\" data-id=\"b99d398\" data-element_type=\"widget\" data-e-type=\"widget\" data-widget_type=\"text-editor.default\">\n\t\t\t\t<div class=\"elementor-widget-container\">\n\t\t\t\t\t\t\t\t\t<p>Il Signore Ges\u00f9 ha sempre voluto che giunga a tutti gli uomini la sua parola di salvezza, di perdono, di consolazione e di speranza. In molti casi Dio si serve degli uomini perch\u00e9 la sua parola venga diffusa, ricevuta e di nuovo consegnata ad altri.<\/p>\n<p>Da qui viene per ogni cristiano il compito di trasmettere la Parola di Dio divenendone strumento e servitore.<\/p>\n<p>Il luogo pi\u00f9 favorevole dove ricevere la parola di Dio \u00e8 la comunit\u00e0 radunata in assemblea liturgica per l\u2019ascolto, la risposta e la preghiera. Per questo servizio ci sono dei servitori chiamati a dare voce, respiro, corpo e volto alla parola proclamata nella liturgia in forma comunitaria, con lettura chiara e nitida.<\/p>\n<p>Chi vuole far parte del gruppo lettori della parrocchia si pu\u00f2 rivolgere ai Sacerdoti!<\/p>\t\t\t\t\t\t\t\t<\/div>\n\t\t\t\t<\/div>\n\t\t\t\t\t<\/div>\n\t\t<\/div>\n\t\t\t\t\t<\/div>\n\t\t<\/section>\n\t\t\t\t<\/div>\n\t\t","protected":false},"excerpt":{"rendered":"<p>Lettori Il Signore Ges\u00f9 ha sempre voluto che giunga a tutti gli uomini la sua parola di salvezza, di perdono, di consolazione e di speranza. In molti casi Dio si serve degli uomini perch\u00e9 la sua parola venga diffusa, ricevuta e di nuovo consegnata ad altri. Da qui viene per ogni cristiano il compito di &#8230; <a title=\"Lettori\" class=\"read-more\" href=\"https:\/\/www.biadene.it\/?page_id=117\" aria-label=\"Leggi di pi\u00f9 su Lettori\">Leggi tutto<\/a><\/p>\n","protected":false},"author":1,"featured_media":0,"parent":0,"menu_order":0,"comment_status":"closed","ping_status":"closed","template":"","meta":{"footnotes":""},"class_list":["post-117","page","type-page","status-publish"],"_links":{"self":[{"href":"https:\/\/www.biadene.it\/index.php?rest_route=\/wp\/v2\/pages\/117","targetHints":{"allow":["GET"]}}],"collection":[{"href":"https:\/\/www.biadene.it\/index.php?rest_route=\/wp\/v2\/pages"}],"about":[{"href":"https:\/\/www.biadene.it\/index.php?rest_route=\/wp\/v2\/types\/page"}],"author":[{"embeddable":true,"href":"https:\/\/www.biadene.it\/index.php?rest_route=\/wp\/v2\/users\/1"}],"replies":[{"embeddable":true,"href":"https:\/\/www.biadene.it\/index.php?rest_route=%2Fwp%2Fv2%2Fcomments&post=117"}],"version-history":[{"count":2,"href":"https:\/\/www.biadene.it\/index.php?rest_route=\/wp\/v2\/pages\/117\/revisions"}],"predecessor-version":[{"id":398,"href":"https:\/\/www.biadene.it\/index.php?rest_route=\/wp\/v2\/pages\/117\/revisions\/398"}],"wp:attachment":[{"href":"https:\/\/www.biadene.it\/index.php?rest_route=%2Fwp%2Fv2%2Fmedia&parent=117"}],"curies":[{"name":"wp","href":"https:\/\/api.w.org\/{rel}","templated":true}]}}