{"id":124,"date":"2020-03-13T19:48:48","date_gmt":"2020-03-13T18:48:48","guid":{"rendered":"https:\/\/biadene.it\/?page_id=124"},"modified":"2021-10-25T17:39:51","modified_gmt":"2021-10-25T15:39:51","slug":"acr","status":"publish","type":"page","link":"https:\/\/www.biadene.it\/?page_id=124","title":{"rendered":"ACR"},"content":{"rendered":"\t\t<div data-elementor-type=\"wp-page\" data-elementor-id=\"124\" class=\"elementor elementor-124\">\n\t\t\t\t\t\t<section class=\"elementor-section elementor-top-section elementor-element elementor-element-97a1027 elementor-section-boxed elementor-section-height-default elementor-section-height-default\" data-id=\"97a1027\" data-element_type=\"section\" data-e-type=\"section\">\n\t\t\t\t\t\t<div class=\"elementor-container elementor-column-gap-default\">\n\t\t\t\t\t<div class=\"elementor-column elementor-col-100 elementor-top-column elementor-element elementor-element-f13c5c8\" data-id=\"f13c5c8\" data-element_type=\"column\" data-e-type=\"column\">\n\t\t\t<div class=\"elementor-widget-wrap elementor-element-populated\">\n\t\t\t\t\t\t<div class=\"elementor-element elementor-element-ed382b1 elementor-widget elementor-widget-heading\" data-id=\"ed382b1\" data-element_type=\"widget\" data-e-type=\"widget\" data-widget_type=\"heading.default\">\n\t\t\t\t<div class=\"elementor-widget-container\">\n\t\t\t\t\t<h1 class=\"elementor-heading-title elementor-size-default\">ACR<\/h1>\t\t\t\t<\/div>\n\t\t\t\t<\/div>\n\t\t\t\t<section class=\"elementor-section elementor-inner-section elementor-element elementor-element-09f9c5c elementor-section-boxed elementor-section-height-default elementor-section-height-default\" data-id=\"09f9c5c\" data-element_type=\"section\" data-e-type=\"section\">\n\t\t\t\t\t\t<div class=\"elementor-container elementor-column-gap-default\">\n\t\t\t\t\t<div class=\"elementor-column elementor-col-50 elementor-inner-column elementor-element elementor-element-6824e66\" data-id=\"6824e66\" data-element_type=\"column\" data-e-type=\"column\">\n\t\t\t<div class=\"elementor-widget-wrap elementor-element-populated\">\n\t\t\t\t\t\t<div class=\"elementor-element elementor-element-fa5d6a8 elementor-widget elementor-widget-image\" data-id=\"fa5d6a8\" data-element_type=\"widget\" data-e-type=\"widget\" data-widget_type=\"image.default\">\n\t\t\t\t<div class=\"elementor-widget-container\">\n\t\t\t\t\t\t\t\t\t\t\t\t\t\t\t<img decoding=\"async\" src=\"https:\/\/www.biadene.it\/wp-content\/uploads\/elementor\/thumbs\/acr-2-onwik42i61q83etqohb8x049uvly9eqroaod4itpb0.png\" title=\"acr (2)\" alt=\"acr (2)\" loading=\"lazy\" \/>\t\t\t\t\t\t\t\t\t\t\t\t\t\t\t<\/div>\n\t\t\t\t<\/div>\n\t\t\t\t\t<\/div>\n\t\t<\/div>\n\t\t\t\t<div class=\"elementor-column elementor-col-50 elementor-inner-column elementor-element elementor-element-d34c476\" data-id=\"d34c476\" data-element_type=\"column\" data-e-type=\"column\">\n\t\t\t<div class=\"elementor-widget-wrap elementor-element-populated\">\n\t\t\t\t\t\t<div class=\"elementor-element elementor-element-eae3406 elementor-widget elementor-widget-text-editor\" data-id=\"eae3406\" data-element_type=\"widget\" data-e-type=\"widget\" data-widget_type=\"text-editor.default\">\n\t\t\t\t<div class=\"elementor-widget-container\">\n\t\t\t\t\t\t\t\t\t<p><strong>L&#8217;ACR \u00e8\u00a0<\/strong>una speciale esperienza di Chiesa che nasce, vive e cresce all\u2019interno della comunit\u00e0 parrocchiale e che, attraverso originali iniziative di fraternit\u00e0 ed esperienze comunitarie rispondenti all\u2019et\u00e0, dona a ogni ragazzo la possibilit\u00e0 di incontrare personalmente il Signore Ges\u00f9.<\/p>\t\t\t\t\t\t\t\t<\/div>\n\t\t\t\t<\/div>\n\t\t\t\t\t<\/div>\n\t\t<\/div>\n\t\t\t\t\t<\/div>\n\t\t<\/section>\n\t\t\t\t<section class=\"elementor-section elementor-inner-section elementor-element elementor-element-e9af30e elementor-section-boxed elementor-section-height-default elementor-section-height-default\" data-id=\"e9af30e\" data-element_type=\"section\" data-e-type=\"section\">\n\t\t\t\t\t\t<div class=\"elementor-container elementor-column-gap-default\">\n\t\t\t\t\t<div class=\"elementor-column elementor-col-50 elementor-inner-column elementor-element elementor-element-8d0c371\" data-id=\"8d0c371\" data-element_type=\"column\" data-e-type=\"column\">\n\t\t\t<div class=\"elementor-widget-wrap elementor-element-populated\">\n\t\t\t\t\t\t<div class=\"elementor-element elementor-element-3cb934e elementor-widget elementor-widget-image\" data-id=\"3cb934e\" data-element_type=\"widget\" data-e-type=\"widget\" data-widget_type=\"image.default\">\n\t\t\t\t<div class=\"elementor-widget-container\">\n\t\t\t\t\t\t\t\t\t\t\t\t\t\t\t<img decoding=\"async\" src=\"https:\/\/www.biadene.it\/wp-content\/uploads\/elementor\/thumbs\/nata-onwik42i61q83etqohb8x049uvly9eqroaod4itpb0.png\" title=\"nata\" alt=\"nata\" loading=\"lazy\" \/>\t\t\t\t\t\t\t\t\t\t\t\t\t\t\t<\/div>\n\t\t\t\t<\/div>\n\t\t\t\t\t<\/div>\n\t\t<\/div>\n\t\t\t\t<div class=\"elementor-column elementor-col-50 elementor-inner-column elementor-element elementor-element-2e65e89\" data-id=\"2e65e89\" data-element_type=\"column\" data-e-type=\"column\">\n\t\t\t<div class=\"elementor-widget-wrap elementor-element-populated\">\n\t\t\t\t\t\t<div class=\"elementor-element elementor-element-9c21007 elementor-widget elementor-widget-text-editor\" data-id=\"9c21007\" data-element_type=\"widget\" data-e-type=\"widget\" data-widget_type=\"text-editor.default\">\n\t\t\t\t<div class=\"elementor-widget-container\">\n\t\t\t\t\t\t\t\t\t<p><strong>L&#8217;ACR \u00e8 nata\u00a0<\/strong>dall\u2019Azione Cattolica nel 1969, per valorizzare il ruolo dei pi\u00f9 piccoli nella Chiesa. Da allora moltissimi bambini e ragazzi hanno dato vita di giorno in giorno all\u2019ACR, trovando nei suoi gruppi un ambiente adatto a favorire la crescita e l\u2019amicizia con tanti coetanei.<\/p>\t\t\t\t\t\t\t\t<\/div>\n\t\t\t\t<\/div>\n\t\t\t\t\t<\/div>\n\t\t<\/div>\n\t\t\t\t\t<\/div>\n\t\t<\/section>\n\t\t\t\t<section class=\"elementor-section elementor-inner-section elementor-element elementor-element-2235792 elementor-section-boxed elementor-section-height-default elementor-section-height-default\" data-id=\"2235792\" data-element_type=\"section\" data-e-type=\"section\">\n\t\t\t\t\t\t<div class=\"elementor-container elementor-column-gap-default\">\n\t\t\t\t\t<div class=\"elementor-column elementor-col-50 elementor-inner-column elementor-element elementor-element-d8b698c\" data-id=\"d8b698c\" data-element_type=\"column\" data-e-type=\"column\">\n\t\t\t<div class=\"elementor-widget-wrap elementor-element-populated\">\n\t\t\t\t\t\t<div class=\"elementor-element elementor-element-98f71cf elementor-widget elementor-widget-image\" data-id=\"98f71cf\" data-element_type=\"widget\" data-e-type=\"widget\" data-widget_type=\"image.default\">\n\t\t\t\t<div class=\"elementor-widget-container\">\n\t\t\t\t\t\t\t\t\t\t\t\t\t\t\t<img decoding=\"async\" src=\"https:\/\/www.biadene.it\/wp-content\/uploads\/elementor\/thumbs\/ragazzi-onwik42i61q83etqohb8x049uvly9eqroaod4itpb0.png\" title=\"ragazzi\" alt=\"ragazzi\" loading=\"lazy\" \/>\t\t\t\t\t\t\t\t\t\t\t\t\t\t\t<\/div>\n\t\t\t\t<\/div>\n\t\t\t\t\t<\/div>\n\t\t<\/div>\n\t\t\t\t<div class=\"elementor-column elementor-col-50 elementor-inner-column elementor-element elementor-element-5c569f4\" data-id=\"5c569f4\" data-element_type=\"column\" data-e-type=\"column\">\n\t\t\t<div class=\"elementor-widget-wrap elementor-element-populated\">\n\t\t\t\t\t\t<div class=\"elementor-element elementor-element-dbf052b elementor-widget elementor-widget-text-editor\" data-id=\"dbf052b\" data-element_type=\"widget\" data-e-type=\"widget\" data-widget_type=\"text-editor.default\">\n\t\t\t\t<div class=\"elementor-widget-container\">\n\t\t\t\t\t\t\t\t\t<p>L\u2019ACR guarda i ragazzi per ci\u00f2 che sono oggi e non in funzione di quello che saranno domani, accompagnandoli a vivere in pienezza questa stagione della vita legata alla scoperta del mondo e alla crescita della persona. Dai 4 ai 14 anni, con percorsi adatti a ciascuna fascia di et\u00e0, i bambini e i ragazzi si incontrano nelle numerose parrocchie italiane settimanalmente in gruppo dove vivono attivit\u00e0 ricche e coinvolgenti.<\/p><p>Alcuni momenti in particolare ritmano la vita dei ragazzi dando loro occasione di essere testimoni di Cristo: il\u00a0<strong>Mese del Ciao<\/strong>, che segna l\u2019apertura delle attivit\u00e0 in Settembre-Ottobre. Il\u00a0<strong>Mese della Pace<\/strong>, che in Gennaio promuove un\u2019iniziativa di solidariet\u00e0 internazionale. Il\u00a0<strong>Mese degli Incontri<\/strong>, Maggio, che permette\u00a0 di conoscere altri gruppi e realt\u00e0. E infine il\u00a0<strong>Tempo Estate Eccezionale<\/strong>, dedicato ai campi scuola, uscite e numerosi momenti di gioco quotidiano organizzati dalle parrocchie.<\/p>\t\t\t\t\t\t\t\t<\/div>\n\t\t\t\t<\/div>\n\t\t\t\t\t<\/div>\n\t\t<\/div>\n\t\t\t\t\t<\/div>\n\t\t<\/section>\n\t\t\t\t<section class=\"elementor-section elementor-inner-section elementor-element elementor-element-2671554 elementor-section-boxed elementor-section-height-default elementor-section-height-default\" data-id=\"2671554\" data-element_type=\"section\" data-e-type=\"section\">\n\t\t\t\t\t\t<div class=\"elementor-container elementor-column-gap-default\">\n\t\t\t\t\t<div class=\"elementor-column elementor-col-50 elementor-inner-column elementor-element elementor-element-a03592b\" data-id=\"a03592b\" data-element_type=\"column\" data-e-type=\"column\">\n\t\t\t<div class=\"elementor-widget-wrap elementor-element-populated\">\n\t\t\t\t\t\t<div class=\"elementor-element elementor-element-0b8a916 elementor-widget elementor-widget-image\" data-id=\"0b8a916\" data-element_type=\"widget\" data-e-type=\"widget\" data-widget_type=\"image.default\">\n\t\t\t\t<div class=\"elementor-widget-container\">\n\t\t\t\t\t\t\t\t\t\t\t\t\t\t\t<img decoding=\"async\" src=\"https:\/\/www.biadene.it\/wp-content\/uploads\/elementor\/thumbs\/cammino-onwik42i61q83etqohb8x049uvly9eqroaod4itpb0.png\" title=\"cammino\" alt=\"cammino\" loading=\"lazy\" \/>\t\t\t\t\t\t\t\t\t\t\t\t\t\t\t<\/div>\n\t\t\t\t<\/div>\n\t\t\t\t\t<\/div>\n\t\t<\/div>\n\t\t\t\t<div class=\"elementor-column elementor-col-50 elementor-inner-column elementor-element elementor-element-e8b53ad\" data-id=\"e8b53ad\" data-element_type=\"column\" data-e-type=\"column\">\n\t\t\t<div class=\"elementor-widget-wrap elementor-element-populated\">\n\t\t\t\t\t\t<div class=\"elementor-element elementor-element-a74579d elementor-widget elementor-widget-text-editor\" data-id=\"a74579d\" data-element_type=\"widget\" data-e-type=\"widget\" data-widget_type=\"text-editor.default\">\n\t\t\t\t<div class=\"elementor-widget-container\">\n\t\t\t\t\t\t\t\t\t<p><strong>Un cammino che\u00a0<\/strong>vuole introdurre i ragazzi all\u2019incontro personale con Ges\u00f9 facendo esperienza viva e concreta della comunit\u00e0 cristiana. Il percorso formativo, che vede i ragazzi protagonisti del loro cammino di crescita, \u00e8 un itinerario di iniziazione alla vita cristiana che parte dalla realt\u00e0 quotidiana dei ragazzi e cerca di leggerla e interpretarla alla luce della Parola di Dio.\u00a0Alcuni strumenti aiutano e accompagnano bambini e ragazzi lungo tutto il cammino:<\/p><ul><li>Le riviste associative La Giostra, Foglie, Ragazzi e Graffiti aiutano i piccoli soci ad aprirsi gradualmente alla vita associativa e alla conoscenza degli altri gruppi in Italia.<\/li><li>I sussidi personali di Avvento e Quaresima accompagnano i ragazzi nella preghiera personale durante i tempi forti dell\u2019anno liturgico.<\/li><\/ul>\t\t\t\t\t\t\t\t<\/div>\n\t\t\t\t<\/div>\n\t\t\t\t\t<\/div>\n\t\t<\/div>\n\t\t\t\t\t<\/div>\n\t\t<\/section>\n\t\t\t\t\t<\/div>\n\t\t<\/div>\n\t\t\t\t\t<\/div>\n\t\t<\/section>\n\t\t\t\t<section class=\"elementor-section elementor-top-section elementor-element elementor-element-91c4ae4 elementor-section-boxed elementor-section-height-default elementor-section-height-default\" data-id=\"91c4ae4\" data-element_type=\"section\" data-e-type=\"section\">\n\t\t\t\t\t\t<div class=\"elementor-container elementor-column-gap-default\">\n\t\t\t\t\t<div class=\"elementor-column elementor-col-100 elementor-top-column elementor-element elementor-element-0c4c0da\" data-id=\"0c4c0da\" data-element_type=\"column\" data-e-type=\"column\">\n\t\t\t<div class=\"elementor-widget-wrap elementor-element-populated\">\n\t\t\t\t\t\t<div class=\"elementor-element elementor-element-eb98ebe elementor-widget elementor-widget-heading\" data-id=\"eb98ebe\" data-element_type=\"widget\" data-e-type=\"widget\" data-widget_type=\"heading.default\">\n\t\t\t\t<div class=\"elementor-widget-container\">\n\t\t\t\t\t<h2 class=\"elementor-heading-title elementor-size-default\">PROPOSTE 2021 - 2022<\/h2>\t\t\t\t<\/div>\n\t\t\t\t<\/div>\n\t\t\t\t<section class=\"elementor-section elementor-inner-section elementor-element elementor-element-fefc7b3 elementor-section-boxed elementor-section-height-default elementor-section-height-default\" data-id=\"fefc7b3\" data-element_type=\"section\" data-e-type=\"section\">\n\t\t\t\t\t\t<div class=\"elementor-container elementor-column-gap-default\">\n\t\t\t\t\t<div class=\"elementor-column elementor-col-50 elementor-inner-column elementor-element elementor-element-c470197\" data-id=\"c470197\" data-element_type=\"column\" data-e-type=\"column\">\n\t\t\t<div class=\"elementor-widget-wrap elementor-element-populated\">\n\t\t\t\t\t\t<div class=\"elementor-element elementor-element-037f3e8 elementor-widget elementor-widget-image\" data-id=\"037f3e8\" data-element_type=\"widget\" data-e-type=\"widget\" data-widget_type=\"image.default\">\n\t\t\t\t<div class=\"elementor-widget-container\">\n\t\t\t\t\t\t\t\t\t\t\t\t\t\t\t<img decoding=\"async\" width=\"134\" height=\"194\" src=\"https:\/\/www.biadene.it\/wp-content\/uploads\/2021\/10\/ACR-1.jpg\" class=\"attachment-large size-large wp-image-1327\" alt=\"\" \/>\t\t\t\t\t\t\t\t\t\t\t\t\t\t\t<\/div>\n\t\t\t\t<\/div>\n\t\t\t\t\t<\/div>\n\t\t<\/div>\n\t\t\t\t<div class=\"elementor-column elementor-col-50 elementor-inner-column elementor-element elementor-element-859d457\" data-id=\"859d457\" data-element_type=\"column\" data-e-type=\"column\">\n\t\t\t<div class=\"elementor-widget-wrap elementor-element-populated\">\n\t\t\t\t\t\t<div class=\"elementor-element elementor-element-118f148 elementor-widget elementor-widget-text-editor\" data-id=\"118f148\" data-element_type=\"widget\" data-e-type=\"widget\" data-widget_type=\"text-editor.default\">\n\t\t\t\t<div class=\"elementor-widget-container\">\n\t\t\t\t\t\t\t\t\t<h2>SU MISURA PER TE!<\/h2><h6><em>Bambini dalla 1\u00b0 alla 5\u00b0 elementare<\/em><\/h6><h6><em>Due sabati al mese a partire da sabato 30 ottobre 2021<\/em><\/h6><h6><em>Dalle 14.30 alle 16.00<\/em><\/h6><h6><em>Oratorio di Biadene<\/em><\/h6>\t\t\t\t\t\t\t\t<\/div>\n\t\t\t\t<\/div>\n\t\t\t\t\t<\/div>\n\t\t<\/div>\n\t\t\t\t\t<\/div>\n\t\t<\/section>\n\t\t\t\t<div class=\"elementor-element elementor-element-2f0d74b elementor-widget elementor-widget-text-editor\" data-id=\"2f0d74b\" data-element_type=\"widget\" data-e-type=\"widget\" data-widget_type=\"text-editor.default\">\n\t\t\t\t<div class=\"elementor-widget-container\">\n\t\t\t\t\t\t\t\t\t<p><em>\u201cNella mia comunit\u00e0 Signore aiutami ad amare, ad essere come il filo di un vestito. Esso tiene insieme i<\/em><em> vari pezzi e nessuno lo vede se non il sarto che ce l\u2019ha messo.<\/em><br \/><em>Tu Signore mio sarto, sarto della comunit\u00e0, rendimi capace di essere nel mondo servendo con umilt\u00e0,<\/em> <em>perch\u00e9 se il filo si vede tutto \u00e8 riuscito male. Rendimi amore in questa tua Chiesa, perch\u00e9 \u00e8 l\u2019amore che<\/em> <em>tiene insieme i vari pezzi.\u201d<\/em><br \/><em>Madeleine Delbrel<\/em><\/p><p>Nell\u02bcanno in cui il cammino Acr accompagna i bambini e i ragazzi a scoprire il mistero di Ges\u00f9 Cristo e in esso il desiderio di originalit\u00e0 e unicit\u00e0, entriamo insieme nella sartoria, il luogo fisico in cui si realizzano abiti, ma anche e soprattutto un laboratorio artigianale, dove si esprime l\u2019arte del creare e dove si pu\u00f2 sentire esclamare quello che \u00e8 il nuovo slogan: \u201cSu misura per te!\u201d<\/p><p><strong>ISCRIZIONI:<\/strong> https:\/\/forms.gle\/FcSiQqTz62SLN35MA<\/p><p><strong>LEVEL UP<\/strong><\/p><p>Ragazzi dalla 1\u00b0 alla 3\u00b0 media<\/p><p>PROSSIMAMENTE\u2026<\/p><p><strong>EQUIPE<\/strong><\/p><p>Noemi Faccin (Responsabile)<\/p><p>Federico Cervi<\/p><p>Elena Sfoggia<\/p><p>Enrico Bolzonello<\/p><p>Giorgia Saretta<\/p><p>Mattia Piccolo<\/p>\t\t\t\t\t\t\t\t<\/div>\n\t\t\t\t<\/div>\n\t\t\t\t\t<\/div>\n\t\t<\/div>\n\t\t\t\t\t<\/div>\n\t\t<\/section>\n\t\t\t\t<section class=\"elementor-section elementor-top-section elementor-element elementor-element-4e0ca0b elementor-section-boxed elementor-section-height-default elementor-section-height-default\" data-id=\"4e0ca0b\" data-element_type=\"section\" data-e-type=\"section\">\n\t\t\t\t\t\t<div class=\"elementor-container elementor-column-gap-default\">\n\t\t\t\t\t<div class=\"elementor-column elementor-col-100 elementor-top-column elementor-element elementor-element-7185893\" data-id=\"7185893\" data-element_type=\"column\" data-e-type=\"column\">\n\t\t\t<div class=\"elementor-widget-wrap elementor-element-populated\">\n\t\t\t\t\t\t<div class=\"elementor-element elementor-element-d5cf5dd elementor-widget elementor-widget-text-editor\" data-id=\"d5cf5dd\" data-element_type=\"widget\" data-e-type=\"widget\" data-widget_type=\"text-editor.default\">\n\t\t\t\t<div class=\"elementor-widget-container\">\n\t\t\t\t\t\t\t\t\t<p><span style=\"text-decoration: underline;\"><em>SCOPRI DI PI\u00d9 SU <a href=\"https:\/\/acr.azionecattolica.it\/\">https:\/\/acr.azionecattolica.it\/<\/a><\/em><\/span><\/p>\t\t\t\t\t\t\t\t<\/div>\n\t\t\t\t<\/div>\n\t\t\t\t\t<\/div>\n\t\t<\/div>\n\t\t\t\t\t<\/div>\n\t\t<\/section>\n\t\t\t\t<\/div>\n\t\t","protected":false},"excerpt":{"rendered":"<p>ACR L&#8217;ACR \u00e8\u00a0una speciale esperienza di Chiesa che nasce, vive e cresce all\u2019interno della comunit\u00e0 parrocchiale e che, attraverso originali iniziative di fraternit\u00e0 ed esperienze comunitarie rispondenti all\u2019et\u00e0, dona a ogni ragazzo la possibilit\u00e0 di incontrare personalmente il Signore Ges\u00f9. L&#8217;ACR \u00e8 nata\u00a0dall\u2019Azione Cattolica nel 1969, per valorizzare il ruolo dei pi\u00f9 piccoli nella Chiesa. &#8230; <a title=\"ACR\" class=\"read-more\" href=\"https:\/\/www.biadene.it\/?page_id=124\" aria-label=\"Leggi di pi\u00f9 su ACR\">Leggi tutto<\/a><\/p>\n","protected":false},"author":1,"featured_media":0,"parent":0,"menu_order":0,"comment_status":"closed","ping_status":"closed","template":"","meta":{"footnotes":""},"class_list":["post-124","page","type-page","status-publish"],"_links":{"self":[{"href":"https:\/\/www.biadene.it\/index.php?rest_route=\/wp\/v2\/pages\/124","targetHints":{"allow":["GET"]}}],"collection":[{"href":"https:\/\/www.biadene.it\/index.php?rest_route=\/wp\/v2\/pages"}],"about":[{"href":"https:\/\/www.biadene.it\/index.php?rest_route=\/wp\/v2\/types\/page"}],"author":[{"embeddable":true,"href":"https:\/\/www.biadene.it\/index.php?rest_route=\/wp\/v2\/users\/1"}],"replies":[{"embeddable":true,"href":"https:\/\/www.biadene.it\/index.php?rest_route=%2Fwp%2Fv2%2Fcomments&post=124"}],"version-history":[{"count":16,"href":"https:\/\/www.biadene.it\/index.php?rest_route=\/wp\/v2\/pages\/124\/revisions"}],"predecessor-version":[{"id":1330,"href":"https:\/\/www.biadene.it\/index.php?rest_route=\/wp\/v2\/pages\/124\/revisions\/1330"}],"wp:attachment":[{"href":"https:\/\/www.biadene.it\/index.php?rest_route=%2Fwp%2Fv2%2Fmedia&parent=124"}],"curies":[{"name":"wp","href":"https:\/\/api.w.org\/{rel}","templated":true}]}}