{"id":1472,"date":"2022-06-10T17:13:19","date_gmt":"2022-06-10T15:13:19","guid":{"rendered":"https:\/\/biadene.it\/?page_id=1472"},"modified":"2026-04-20T17:16:39","modified_gmt":"2026-04-20T15:16:39","slug":"home-page","status":"publish","type":"page","link":"https:\/\/www.biadene.it\/","title":{"rendered":"Home page"},"content":{"rendered":"\t\t<div data-elementor-type=\"wp-page\" data-elementor-id=\"1472\" class=\"elementor elementor-1472\">\n\t\t\t\t\t\t<section class=\"elementor-section elementor-top-section elementor-element elementor-element-5bdf4f3 elementor-section-boxed elementor-section-height-default elementor-section-height-default\" data-id=\"5bdf4f3\" data-element_type=\"section\" data-e-type=\"section\">\n\t\t\t\t\t\t<div class=\"elementor-container elementor-column-gap-default\">\n\t\t\t\t\t<div class=\"elementor-column elementor-col-100 elementor-top-column elementor-element elementor-element-36ea49e\" data-id=\"36ea49e\" data-element_type=\"column\" data-e-type=\"column\">\n\t\t\t<div class=\"elementor-widget-wrap elementor-element-populated\">\n\t\t\t\t\t\t<div class=\"elementor-element elementor-element-87603eb elementor-widget elementor-widget-text-editor\" data-id=\"87603eb\" data-element_type=\"widget\" data-e-type=\"widget\" data-widget_type=\"text-editor.default\">\n\t\t\t\t<div class=\"elementor-widget-container\">\n\t\t\t\t\t\t\t\t\t<p><span style=\"color: #0a0a0a;\">Benvenuti nel nuovo sito della Parrocchia di Biadene, in cui troverete tutte le informazioni principali riguardanti la nostra comunit\u00e0! Non dimenticate di seguirci sui nostri Profili Social!<\/span><\/p>\t\t\t\t\t\t\t\t<\/div>\n\t\t\t\t<\/div>\n\t\t\t\t\t<\/div>\n\t\t<\/div>\n\t\t\t\t\t<\/div>\n\t\t<\/section>\n\t\t\t\t<section class=\"elementor-section elementor-top-section elementor-element elementor-element-50a45d2 elementor-section-boxed elementor-section-height-default elementor-section-height-default\" data-id=\"50a45d2\" data-element_type=\"section\" data-e-type=\"section\">\n\t\t\t\t\t\t<div class=\"elementor-container elementor-column-gap-default\">\n\t\t\t\t\t<div class=\"elementor-column elementor-col-100 elementor-top-column elementor-element elementor-element-d5c9750\" data-id=\"d5c9750\" data-element_type=\"column\" data-e-type=\"column\">\n\t\t\t<div class=\"elementor-widget-wrap elementor-element-populated\">\n\t\t\t\t\t\t<div class=\"elementor-element elementor-element-1f84b8b elementor-widget-divider--view-line elementor-widget elementor-widget-divider\" data-id=\"1f84b8b\" data-element_type=\"widget\" data-e-type=\"widget\" data-widget_type=\"divider.default\">\n\t\t\t\t<div class=\"elementor-widget-container\">\n\t\t\t\t\t\t\t<div class=\"elementor-divider\">\n\t\t\t<span class=\"elementor-divider-separator\">\n\t\t\t\t\t\t<\/span>\n\t\t<\/div>\n\t\t\t\t\t\t<\/div>\n\t\t\t\t<\/div>\n\t\t\t\t\t<\/div>\n\t\t<\/div>\n\t\t\t\t\t<\/div>\n\t\t<\/section>\n\t\t\t\t<section class=\"elementor-section elementor-top-section elementor-element elementor-element-01069e6 elementor-section-boxed elementor-section-height-default elementor-section-height-default\" data-id=\"01069e6\" data-element_type=\"section\" data-e-type=\"section\">\n\t\t\t\t\t\t<div class=\"elementor-container elementor-column-gap-default\">\n\t\t\t\t\t<div class=\"elementor-column elementor-col-50 elementor-top-column elementor-element elementor-element-6750402\" data-id=\"6750402\" data-element_type=\"column\" data-e-type=\"column\">\n\t\t\t<div class=\"elementor-widget-wrap elementor-element-populated\">\n\t\t\t\t\t\t<div class=\"elementor-element elementor-element-681bf22 elementor-widget elementor-widget-image\" data-id=\"681bf22\" data-element_type=\"widget\" data-e-type=\"widget\" data-widget_type=\"image.default\">\n\t\t\t\t<div class=\"elementor-widget-container\">\n\t\t\t\t\t\t\t\t\t\t\t\t\t\t\t<img decoding=\"async\" src=\"https:\/\/www.albertocallegari.it\/BIADENE\/Foglietto.jpg\" title=\"\" alt=\"\" loading=\"lazy\" \/>\t\t\t\t\t\t\t\t\t\t\t\t\t\t\t<\/div>\n\t\t\t\t<\/div>\n\t\t\t\t\t<\/div>\n\t\t<\/div>\n\t\t\t\t<div class=\"elementor-column elementor-col-50 elementor-top-column elementor-element elementor-element-30818cf\" data-id=\"30818cf\" data-element_type=\"column\" data-e-type=\"column\">\n\t\t\t<div class=\"elementor-widget-wrap elementor-element-populated\">\n\t\t\t\t\t\t<div class=\"elementor-element elementor-element-d21d65b elementor-widget elementor-widget-heading\" data-id=\"d21d65b\" data-element_type=\"widget\" data-e-type=\"widget\" data-widget_type=\"heading.default\">\n\t\t\t\t<div class=\"elementor-widget-container\">\n\t\t\t\t\t<h2 class=\"elementor-heading-title elementor-size-default\"><a href=\"https:\/\/www.albertocallegari.it\/BIADENE\/Foglietto.pdf\" target=\"_blank\"><br><b>clicca qui<\/b><br><br>per scaricare Camminare insieme e rimanere aggiornato sulle attivit\u00e0 parrocchiali.<\/a><\/h2>\t\t\t\t<\/div>\n\t\t\t\t<\/div>\n\t\t\t\t\t<\/div>\n\t\t<\/div>\n\t\t\t\t\t<\/div>\n\t\t<\/section>\n\t\t\t\t<section class=\"elementor-section elementor-top-section elementor-element elementor-element-1a86089 elementor-section-boxed elementor-section-height-default elementor-section-height-default\" data-id=\"1a86089\" data-element_type=\"section\" data-e-type=\"section\">\n\t\t\t\t\t\t<div class=\"elementor-container elementor-column-gap-default\">\n\t\t\t\t\t<div class=\"elementor-column elementor-col-100 elementor-top-column elementor-element elementor-element-0d5c232\" data-id=\"0d5c232\" data-element_type=\"column\" data-e-type=\"column\">\n\t\t\t<div class=\"elementor-widget-wrap elementor-element-populated\">\n\t\t\t\t\t\t<div class=\"elementor-element elementor-element-52e1e10 elementor-widget-divider--view-line elementor-widget elementor-widget-divider\" data-id=\"52e1e10\" data-element_type=\"widget\" data-e-type=\"widget\" data-widget_type=\"divider.default\">\n\t\t\t\t<div class=\"elementor-widget-container\">\n\t\t\t\t\t\t\t<div class=\"elementor-divider\">\n\t\t\t<span class=\"elementor-divider-separator\">\n\t\t\t\t\t\t<\/span>\n\t\t<\/div>\n\t\t\t\t\t\t<\/div>\n\t\t\t\t<\/div>\n\t\t\t\t\t<\/div>\n\t\t<\/div>\n\t\t\t\t\t<\/div>\n\t\t<\/section>\n\t\t\t\t<section class=\"elementor-section elementor-top-section elementor-element elementor-element-60ddba2 elementor-section-boxed elementor-section-height-default elementor-section-height-default\" data-id=\"60ddba2\" data-element_type=\"section\" data-e-type=\"section\">\n\t\t\t\t\t\t<div class=\"elementor-container elementor-column-gap-default\">\n\t\t\t\t\t<div class=\"elementor-column elementor-col-100 elementor-top-column elementor-element elementor-element-818f260\" data-id=\"818f260\" data-element_type=\"column\" data-e-type=\"column\">\n\t\t\t<div class=\"elementor-widget-wrap elementor-element-populated\">\n\t\t\t\t\t\t<div class=\"elementor-element elementor-element-d3b2c34 elementor-widget elementor-widget-heading\" data-id=\"d3b2c34\" data-element_type=\"widget\" data-e-type=\"widget\" data-widget_type=\"heading.default\">\n\t\t\t\t<div class=\"elementor-widget-container\">\n\t\t\t\t\t<h2 class=\"elementor-heading-title elementor-size-default\">GREST 2026<\/h2>\t\t\t\t<\/div>\n\t\t\t\t<\/div>\n\t\t\t\t\t<\/div>\n\t\t<\/div>\n\t\t\t\t\t<\/div>\n\t\t<\/section>\n\t\t\t\t<section class=\"elementor-section elementor-top-section elementor-element elementor-element-3110e99 elementor-section-boxed elementor-section-height-default elementor-section-height-default\" data-id=\"3110e99\" data-element_type=\"section\" data-e-type=\"section\">\n\t\t\t\t\t\t<div class=\"elementor-container elementor-column-gap-default\">\n\t\t\t\t\t<div class=\"elementor-column elementor-col-50 elementor-top-column elementor-element elementor-element-2c086b2\" data-id=\"2c086b2\" data-element_type=\"column\" data-e-type=\"column\">\n\t\t\t<div class=\"elementor-widget-wrap elementor-element-populated\">\n\t\t\t\t\t\t<div class=\"elementor-element elementor-element-2658099 elementor-widget elementor-widget-image\" data-id=\"2658099\" data-element_type=\"widget\" data-e-type=\"widget\" data-widget_type=\"image.default\">\n\t\t\t\t<div class=\"elementor-widget-container\">\n\t\t\t\t\t\t\t\t\t\t\t\t\t\t\t<img fetchpriority=\"high\" decoding=\"async\" width=\"724\" height=\"1024\" src=\"https:\/\/www.biadene.it\/wp-content\/uploads\/2026\/04\/Grest-2026-volantino-724x1024.png\" class=\"attachment-large size-large wp-image-1696\" alt=\"\" srcset=\"https:\/\/www.biadene.it\/wp-content\/uploads\/2026\/04\/Grest-2026-volantino-724x1024.png 724w, https:\/\/www.biadene.it\/wp-content\/uploads\/2026\/04\/Grest-2026-volantino-212x300.png 212w, https:\/\/www.biadene.it\/wp-content\/uploads\/2026\/04\/Grest-2026-volantino-768x1086.png 768w, https:\/\/www.biadene.it\/wp-content\/uploads\/2026\/04\/Grest-2026-volantino-1086x1536.png 1086w, https:\/\/www.biadene.it\/wp-content\/uploads\/2026\/04\/Grest-2026-volantino.png 1240w\" sizes=\"(max-width: 724px) 100vw, 724px\" \/>\t\t\t\t\t\t\t\t\t\t\t\t\t\t\t<\/div>\n\t\t\t\t<\/div>\n\t\t\t\t<div class=\"elementor-element elementor-element-8a051aa elementor-align-center elementor-widget elementor-widget-button\" data-id=\"8a051aa\" data-element_type=\"widget\" data-e-type=\"widget\" data-widget_type=\"button.default\">\n\t\t\t\t<div class=\"elementor-widget-container\">\n\t\t\t\t\t\t\t\t\t<div class=\"elementor-button-wrapper\">\n\t\t\t\t\t<a class=\"elementor-button elementor-button-link elementor-size-sm\" href=\"https:\/\/www.biadene.it\/wp-content\/uploads\/2026\/04\/Grest-2026-Modulo-Iscrizione-RAGAZZI-Biadene-e-Caonada.pdf\">\n\t\t\t\t\t\t<span class=\"elementor-button-content-wrapper\">\n\t\t\t\t\t\t\t\t\t<span class=\"elementor-button-text\">Scarica il modulo di iscrizione<\/span>\n\t\t\t\t\t<\/span>\n\t\t\t\t\t<\/a>\n\t\t\t\t<\/div>\n\t\t\t\t\t\t\t\t<\/div>\n\t\t\t\t<\/div>\n\t\t\t\t\t<\/div>\n\t\t<\/div>\n\t\t\t\t<div class=\"elementor-column elementor-col-50 elementor-top-column elementor-element elementor-element-1ba4b0e\" data-id=\"1ba4b0e\" data-element_type=\"column\" data-e-type=\"column\">\n\t\t\t<div class=\"elementor-widget-wrap elementor-element-populated\">\n\t\t\t\t\t\t<div class=\"elementor-element elementor-element-cb695f9 elementor-widget elementor-widget-text-editor\" data-id=\"cb695f9\" data-element_type=\"widget\" data-e-type=\"widget\" data-widget_type=\"text-editor.default\">\n\t\t\t\t<div class=\"elementor-widget-container\">\n\t\t\t\t\t\t\t\t\t<p class=\"font-claude-response-body break-words whitespace-normal leading-[1.7]\"><strong>GREST 2026 \u2013 &#8220;Bella Fra&#8217;!&#8221;<\/strong>\n<em>Parrocchie di S. Lucia in Biadene e S. Giacomo in Caonada<\/em><\/p><p class=\"font-claude-response-body break-words whitespace-normal leading-[1.7]\">Il Grest 2026 \u00e8 rivolto ai bambini e ragazzi della scuola primaria e secondaria di primo grado, dal <strong>14 giugno al 5 luglio 2026<\/strong>, dal luned\u00ec al venerd\u00ec (escluso il mercoled\u00ec, dedicato alle uscite).<\/p><p class=\"font-claude-response-body break-words whitespace-normal leading-[1.7]\"><strong>Orari:<\/strong> mattino a Caonada (9.00\u201312.00) e pomeriggio a Biadene (15.00\u201318.00), con servizio di orario continuato disponibile dalle 12.00 alle 14.30.<\/p><p class=\"font-claude-response-body break-words whitespace-normal leading-[1.7]\"><strong>Le uscite del mercoled\u00ec<\/strong> includono Cinema e Parco a Manin (17\/6), Bioparco No\u00e8 con gonfiabili (24\/6) e Movieland (1\/7, \u20ac 35,00).<\/p><p class=\"font-claude-response-body break-words whitespace-normal leading-[1.7]\"><strong>Quote di iscrizione<\/strong> a partire da 45\u20ac per una settimana (solo mattino o solo pomeriggio) fino a 210\u20ac per tre settimane con orario completo, comprensive di maglietta del Grest.<\/p><p class=\"font-claude-response-body break-words whitespace-normal leading-[1.7]\">Tra le attivit\u00e0: laboratori creativi e sportivi, uscite, serate in famiglia (<strong>Grest in Notturna<\/strong>) e una serata finale il 3 luglio a Caonada.<\/p><p>\n\n\n\n\n\n<\/p><p class=\"font-claude-response-body break-words whitespace-normal leading-[1.7]\"><strong>Presentazione ai genitori e iscrizioni:<\/strong> 11, 25 e 28 maggio, ore 20.30, Salone dell&#8217;oratorio a Biadene. La presenza di un genitore all&#8217;incontro \u00e8 obbligatoria per iscrivere i propri figli.<\/p>\t\t\t\t\t\t\t\t<\/div>\n\t\t\t\t<\/div>\n\t\t\t\t\t<\/div>\n\t\t<\/div>\n\t\t\t\t\t<\/div>\n\t\t<\/section>\n\t\t\t\t<\/div>\n\t\t","protected":false},"excerpt":{"rendered":"<p>Benvenuti nel nuovo sito della Parrocchia di Biadene, in cui troverete tutte le informazioni principali riguardanti la nostra comunit\u00e0! Non dimenticate di seguirci sui nostri Profili Social! clicca qui per scaricare Camminare insieme e rimanere aggiornato sulle attivit\u00e0 parrocchiali. GREST 2026 Scarica il modulo di iscrizione GREST 2026 \u2013 &#8220;Bella Fra&#8217;!&#8221; Parrocchie di S. Lucia &#8230; <a title=\"Home page\" class=\"read-more\" href=\"https:\/\/www.biadene.it\/\" aria-label=\"Leggi di pi\u00f9 su Home page\">Leggi tutto<\/a><\/p>\n","protected":false},"author":1,"featured_media":0,"parent":0,"menu_order":0,"comment_status":"closed","ping_status":"closed","template":"","meta":{"footnotes":""},"class_list":["post-1472","page","type-page","status-publish"],"_links":{"self":[{"href":"https:\/\/www.biadene.it\/index.php?rest_route=\/wp\/v2\/pages\/1472","targetHints":{"allow":["GET"]}}],"collection":[{"href":"https:\/\/www.biadene.it\/index.php?rest_route=\/wp\/v2\/pages"}],"about":[{"href":"https:\/\/www.biadene.it\/index.php?rest_route=\/wp\/v2\/types\/page"}],"author":[{"embeddable":true,"href":"https:\/\/www.biadene.it\/index.php?rest_route=\/wp\/v2\/users\/1"}],"replies":[{"embeddable":true,"href":"https:\/\/www.biadene.it\/index.php?rest_route=%2Fwp%2Fv2%2Fcomments&post=1472"}],"version-history":[{"count":139,"href":"https:\/\/www.biadene.it\/index.php?rest_route=\/wp\/v2\/pages\/1472\/revisions"}],"predecessor-version":[{"id":1701,"href":"https:\/\/www.biadene.it\/index.php?rest_route=\/wp\/v2\/pages\/1472\/revisions\/1701"}],"wp:attachment":[{"href":"https:\/\/www.biadene.it\/index.php?rest_route=%2Fwp%2Fv2%2Fmedia&parent=1472"}],"curies":[{"name":"wp","href":"https:\/\/api.w.org\/{rel}","templated":true}]}}